{"id":953,"date":"2024-12-16T16:27:40","date_gmt":"2024-12-16T16:27:40","guid":{"rendered":"https:\/\/tara-zarandului.ro\/?page_id=953"},"modified":"2024-12-17T09:57:26","modified_gmt":"2024-12-17T09:57:26","slug":"finantare-fse","status":"publish","type":"page","link":"https:\/\/tara-zarandului.ro\/?page_id=953","title":{"rendered":"Finan\u021bare FSE+"},"content":{"rendered":"\t\t<div data-elementor-type=\"wp-page\" data-elementor-id=\"953\" class=\"elementor elementor-953\" data-elementor-post-type=\"page\">\n\t\t\t\t<div class=\"elementor-element elementor-element-10bac64d e-flex e-con-boxed wpr-particle-no wpr-jarallax-no wpr-parallax-no wpr-sticky-section-no e-con e-parent\" data-id=\"10bac64d\" data-element_type=\"container\" data-settings=\"{&quot;background_background&quot;:&quot;gradient&quot;}\">\n\t\t\t\t\t<div class=\"e-con-inner\">\n\t\t<div class=\"elementor-element elementor-element-4518617b e-con-full e-flex wpr-particle-no wpr-jarallax-no wpr-parallax-no wpr-sticky-section-no e-con e-child\" data-id=\"4518617b\" data-element_type=\"container\">\n\t\t\t\t<div class=\"elementor-element elementor-element-7b47ba61 elementor-widget__width-inherit elementor-widget-divider--view-line elementor-invisible elementor-widget elementor-widget-divider\" data-id=\"7b47ba61\" data-element_type=\"widget\" data-settings=\"{&quot;_animation&quot;:&quot;fadeInLeft&quot;}\" data-widget_type=\"divider.default\">\n\t\t\t\t<div class=\"elementor-widget-container\">\n\t\t\t\t\t<div class=\"elementor-divider\">\n\t\t\t<span class=\"elementor-divider-separator\">\n\t\t\t\t\t\t<\/span>\n\t\t<\/div>\n\t\t\t\t<\/div>\n\t\t\t\t<\/div>\n\t\t\t\t<div class=\"elementor-element elementor-element-3a4e7811 elementor-widget__width-initial elementor-widget-tablet__width-inherit elementor-widget elementor-widget-heading\" data-id=\"3a4e7811\" data-element_type=\"widget\" data-widget_type=\"heading.default\">\n\t\t\t\t<div class=\"elementor-widget-container\">\n\t\t\t<h2 class=\"elementor-heading-title elementor-size-default\">Ce este FSE+?<\/h2>\t\t<\/div>\n\t\t\t\t<\/div>\n\t\t\t\t<div class=\"elementor-element elementor-element-742112ac elementor-widget__width-initial elementor-widget-tablet__width-inherit elementor-widget elementor-widget-text-editor\" data-id=\"742112ac\" data-element_type=\"widget\" data-widget_type=\"text-editor.default\">\n\t\t\t\t<div class=\"elementor-widget-container\">\n\t\t\t\t\t\t\t<p>Fondul social european Plus (FSE+) este principalul instrument al Uniunii Europene pentru investi\u021bii \u00een oameni \u0219i sprijinirea punerii \u00een aplicare a Pilonului european al drepturilor sociale. Pentru perioada 2021-2027, FSE+ dispune de un buget de 142,7 miliarde EUR \u0219i va continua s\u0103 aduc\u0103 o contribu\u021bie important\u0103 la politicile UE \u00een domeniul social, al ocup\u0103rii for\u021bei de munc\u0103, al educa\u021biei \u0219i al competen\u021belor, inclusiv \u00een ceea ce prive\u0219te reformele structurale relevante.<\/p><p>Acest fond va fi, de asemenea, una din pietrele de temelie ale redres\u0103rii socioeconomice a UE \u00een urma pandemiei de COVID-19. Pandemia a anulat progresele realizate \u00een materie de participare la pia\u021ba for\u021bei de munc\u0103, a pus sub presiune sistemele educa\u021bionale \u0219i de s\u0103n\u0103tate \u0219i a accentuat inegalit\u0103\u021bile. FSE+ va fi unul din principalele instrumente ale UE care va ajuta statele membre s\u0103 dep\u0103\u0219easc\u0103 aceste probleme.<\/p><p>\u00cen cadrul politicii de coeziune, FSE+ \u00ee\u0219i va continua, de asemenea, misiunea de a sprijini coeziunea economic\u0103, teritorial\u0103 \u0219i social\u0103 \u00een UE, reduc\u00e2nd disparit\u0103\u021bile dintre statele membre \u0219i regiuni.<\/p>\t\t\t\t\t\t<\/div>\n\t\t\t\t<\/div>\n\t\t\t\t<\/div>\n\t\t<div class=\"elementor-element elementor-element-19d07aa6 e-flex e-con-boxed wpr-particle-no wpr-jarallax-no wpr-parallax-no wpr-sticky-section-no e-con e-child\" data-id=\"19d07aa6\" data-element_type=\"container\">\n\t\t\t\t\t<div class=\"e-con-inner\">\n\t\t\t\t<div class=\"elementor-element elementor-element-20045568 elementor-invisible elementor-widget elementor-widget-icon-box\" data-id=\"20045568\" data-element_type=\"widget\" data-settings=\"{&quot;_animation&quot;:&quot;fadeInUp&quot;}\" data-widget_type=\"icon-box.default\">\n\t\t\t\t<div class=\"elementor-widget-container\">\n\t\t\t\t\t<div class=\"elementor-icon-box-wrapper\">\n\n\t\t\t\n\t\t\t\t\t\t<div class=\"elementor-icon-box-content\">\n\n\t\t\t\t\t\t\t\t\t<h3 class=\"elementor-icon-box-title\">\n\t\t\t\t\t\t<span  >\n\t\t\t\t\t\t\tFSE+: o combina\u021bie de patru fonduri\t\t\t\t\t\t<\/span>\n\t\t\t\t\t<\/h3>\n\t\t\t\t\n\t\t\t\t\n\t\t\t<\/div>\n\t\t\t\n\t\t<\/div>\n\t\t\t\t<\/div>\n\t\t\t\t<\/div>\n\t\t\t\t<div class=\"elementor-element elementor-element-2a58a41a elementor-invisible elementor-widget elementor-widget-text-editor\" data-id=\"2a58a41a\" data-element_type=\"widget\" data-settings=\"{&quot;_animation&quot;:&quot;fadeInUp&quot;}\" data-widget_type=\"text-editor.default\">\n\t\t\t\t<div class=\"elementor-widget-container\">\n\t\t\t\t\t\t\t<p>FSE+ reune\u0219te patru instrumente de finan\u021bare care erau separate \u00een perioada de programare 2014-2020: Fondul social european (FSE), Fondul de ajutor european destinat celor mai defavorizate persoane (FEAD), Ini\u021biativa privind ocuparea for\u021bei de munc\u0103 \u00een r\u00e2ndul tinerilor \u0219i Programul european pentru ocuparea for\u021bei de munc\u0103 \u0219i inovare social\u0103 (EaSI).<\/p>\t\t\t\t\t\t<\/div>\n\t\t\t\t<\/div>\n\t\t\t\t<div class=\"elementor-element elementor-element-67473cb6 elementor-widget elementor-widget-spacer\" data-id=\"67473cb6\" data-element_type=\"widget\" data-widget_type=\"spacer.default\">\n\t\t\t\t<div class=\"elementor-widget-container\">\n\t\t\t\t\t<div class=\"elementor-spacer\">\n\t\t\t<div class=\"elementor-spacer-inner\"><\/div>\n\t\t<\/div>\n\t\t\t\t<\/div>\n\t\t\t\t<\/div>\n\t\t\t\t<div class=\"elementor-element elementor-element-5d71bf87 elementor-invisible elementor-widget elementor-widget-icon-box\" data-id=\"5d71bf87\" data-element_type=\"widget\" data-settings=\"{&quot;_animation&quot;:&quot;fadeInUp&quot;,&quot;_animation_delay&quot;:100}\" data-widget_type=\"icon-box.default\">\n\t\t\t\t<div class=\"elementor-widget-container\">\n\t\t\t\t\t<div class=\"elementor-icon-box-wrapper\">\n\n\t\t\t\n\t\t\t\t\t\t<div class=\"elementor-icon-box-content\">\n\n\t\t\t\t\t\t\t\t\t<h3 class=\"elementor-icon-box-title\">\n\t\t\t\t\t\t<span  >\n\t\t\t\t\t\t\tCum va func\u021biona?\t\t\t\t\t\t<\/span>\n\t\t\t\t\t<\/h3>\n\t\t\t\t\n\t\t\t\t\n\t\t\t<\/div>\n\t\t\t\n\t\t<\/div>\n\t\t\t\t<\/div>\n\t\t\t\t<\/div>\n\t\t\t\t<div class=\"elementor-element elementor-element-3d2c962f elementor-invisible elementor-widget elementor-widget-text-editor\" data-id=\"3d2c962f\" data-element_type=\"widget\" data-settings=\"{&quot;_animation&quot;:&quot;fadeInUp&quot;}\" data-widget_type=\"text-editor.default\">\n\t\t\t\t<div class=\"elementor-widget-container\">\n\t\t\t\t\t\t\t<p>Sprijinul acordat \u00een cadrul FSE+ este gestionat \u00een principal de statele membre, Comisia juc\u00e2nd un rol de supraveghere. Prin urmare, finan\u021barea se realizeaz\u0103 prin:<\/p><p>componenta de gestiune partajat\u0103, implementat\u0103 de statele membre \u00een parteneriat cu Comisia. Pentru aceste resurse este alocat un buget de 142 de miliarde EUR pentru perioada de programare 2021-2027 (din care 95,1 miliarde EUR din bugetul UE).<br \/>componenta \u201eOcuparea for\u021bei de munc\u0103 \u0219i inovare social\u0103\u201d (EaSI), implementat\u0103 direct de Comisie, cu un buget de aproape 762 de milioane EUR pentru perioada 2021-2027.<\/p>\t\t\t\t\t\t<\/div>\n\t\t\t\t<\/div>\n\t\t\t\t<div class=\"elementor-element elementor-element-b4d8884 elementor-widget elementor-widget-spacer\" data-id=\"b4d8884\" data-element_type=\"widget\" data-widget_type=\"spacer.default\">\n\t\t\t\t<div class=\"elementor-widget-container\">\n\t\t\t\t\t<div class=\"elementor-spacer\">\n\t\t\t<div class=\"elementor-spacer-inner\"><\/div>\n\t\t<\/div>\n\t\t\t\t<\/div>\n\t\t\t\t<\/div>\n\t\t\t\t<div class=\"elementor-element elementor-element-ce4819b elementor-invisible elementor-widget elementor-widget-icon-box\" data-id=\"ce4819b\" data-element_type=\"widget\" data-settings=\"{&quot;_animation&quot;:&quot;fadeInUp&quot;,&quot;_animation_delay&quot;:100}\" data-widget_type=\"icon-box.default\">\n\t\t\t\t<div class=\"elementor-widget-container\">\n\t\t\t\t\t<div class=\"elementor-icon-box-wrapper\">\n\n\t\t\t\n\t\t\t\t\t\t<div class=\"elementor-icon-box-content\">\n\n\t\t\t\t\t\t\t\t\t<h3 class=\"elementor-icon-box-title\">\n\t\t\t\t\t\t<span  >\n\t\t\t\t\t\t\tAplicarea principiilor Pilonului european al drepturilor sociale\t\t\t\t\t\t<\/span>\n\t\t\t\t\t<\/h3>\n\t\t\t\t\n\t\t\t\t\n\t\t\t<\/div>\n\t\t\t\n\t\t<\/div>\n\t\t\t\t<\/div>\n\t\t\t\t<\/div>\n\t\t\t\t<div class=\"elementor-element elementor-element-5d07133 elementor-invisible elementor-widget elementor-widget-text-editor\" data-id=\"5d07133\" data-element_type=\"widget\" data-settings=\"{&quot;_animation&quot;:&quot;fadeInUp&quot;}\" data-widget_type=\"text-editor.default\">\n\t\t\t\t<div class=\"elementor-widget-container\">\n\t\t\t\t\t\t\t<p>Cele 20 de principii ale Pilonului european al drepturilor sociale constituie cadrul de orientare pentru construirea unei Europe sociale puternice, echitabile, incluzive \u0219i plin\u0103 de oportunit\u0103\u021bi. Acestea sunt legate \u00een mod clar de FSE+ prin intermediul principalelor sale obiective.<\/p>\t\t\t\t\t\t<\/div>\n\t\t\t\t<\/div>\n\t\t\t\t<div class=\"elementor-element elementor-element-c03eb3b elementor-widget elementor-widget-spacer\" data-id=\"c03eb3b\" data-element_type=\"widget\" data-widget_type=\"spacer.default\">\n\t\t\t\t<div class=\"elementor-widget-container\">\n\t\t\t\t\t<div class=\"elementor-spacer\">\n\t\t\t<div class=\"elementor-spacer-inner\"><\/div>\n\t\t<\/div>\n\t\t\t\t<\/div>\n\t\t\t\t<\/div>\n\t\t\t\t<div class=\"elementor-element elementor-element-e172487 elementor-view-default elementor-position-top elementor-mobile-position-top elementor-invisible elementor-widget elementor-widget-icon-box\" data-id=\"e172487\" data-element_type=\"widget\" data-settings=\"{&quot;_animation&quot;:&quot;fadeInUp&quot;,&quot;_animation_delay&quot;:100}\" data-widget_type=\"icon-box.default\">\n\t\t\t\t<div class=\"elementor-widget-container\">\n\t\t\t\t\t<div class=\"elementor-icon-box-wrapper\">\n\n\t\t\t\t\t\t<div class=\"elementor-icon-box-icon\">\n\t\t\t\t<a href=\"https:\/\/tara-zarandului.ro\/wp-content\/uploads\/2024\/12\/ESF_PLUS_factsheet_Web_RO-compressed.pdf\" target=\"_blank\" class=\"elementor-icon elementor-animation-\" tabindex=\"-1\">\n\t\t\t\t<svg aria-hidden=\"true\" class=\"e-font-icon-svg e-fas-file-pdf\" viewBox=\"0 0 384 512\" xmlns=\"http:\/\/www.w3.org\/2000\/svg\"><path d=\"M181.9 256.1c-5-16-4.9-46.9-2-46.9 8.4 0 7.6 36.9 2 46.9zm-1.7 47.2c-7.7 20.2-17.3 43.3-28.4 62.7 18.3-7 39-17.2 62.9-21.9-12.7-9.6-24.9-23.4-34.5-40.8zM86.1 428.1c0 .8 13.2-5.4 34.9-40.2-6.7 6.3-29.1 24.5-34.9 40.2zM248 160h136v328c0 13.3-10.7 24-24 24H24c-13.3 0-24-10.7-24-24V24C0 10.7 10.7 0 24 0h200v136c0 13.2 10.8 24 24 24zm-8 171.8c-20-12.2-33.3-29-42.7-53.8 4.5-18.5 11.6-46.6 6.2-64.2-4.7-29.4-42.4-26.5-47.8-6.8-5 18.3-.4 44.1 8.1 77-11.6 27.6-28.7 64.6-40.8 85.8-.1 0-.1.1-.2.1-27.1 13.9-73.6 44.5-54.5 68 5.6 6.9 16 10 21.5 10 17.9 0 35.7-18 61.1-61.8 25.8-8.5 54.1-19.1 79-23.2 21.7 11.8 47.1 19.5 64 19.5 29.2 0 31.2-32 19.7-43.4-13.9-13.6-54.3-9.7-73.6-7.2zM377 105L279 7c-4.5-4.5-10.6-7-17-7h-6v128h128v-6.1c0-6.3-2.5-12.4-7-16.9zm-74.1 255.3c4.1-2.7-2.5-11.9-42.8-9 37.1 15.8 42.8 9 42.8 9z\"><\/path><\/svg>\t\t\t\t<\/a>\n\t\t\t<\/div>\n\t\t\t\n\t\t\t\t\t\t<div class=\"elementor-icon-box-content\">\n\n\t\t\t\t\t\t\t\t\t<h3 class=\"elementor-icon-box-title\">\n\t\t\t\t\t\t<a href=\"https:\/\/tara-zarandului.ro\/wp-content\/uploads\/2024\/12\/ESF_PLUS_factsheet_Web_RO-compressed.pdf\" target=\"_blank\" >\n\t\t\t\t\t\t\tFi\u0219\u0103 informativ\u0103 privind FSE+\t\t\t\t\t\t<\/a>\n\t\t\t\t\t<\/h3>\n\t\t\t\t\n\t\t\t\t\n\t\t\t<\/div>\n\t\t\t\n\t\t<\/div>\n\t\t\t\t<\/div>\n\t\t\t\t<\/div>\n\t\t\t\t\t<\/div>\n\t\t\t\t<\/div>\n\t\t\t\t\t<\/div>\n\t\t\t\t<\/div>\n\t\t\t\t<\/div>\n\t\t","protected":false},"excerpt":{"rendered":"<p>Ce este FSE+? Fondul social european Plus (FSE+) este principalul instrument al Uniunii Europene pentru investi\u021bii \u00een oameni \u0219i sprijinirea punerii \u00een aplicare a Pilonului european al drepturilor sociale. Pentru perioada 2021-2027, FSE+ dispune de un buget de 142,7 miliarde EUR \u0219i va continua s\u0103 aduc\u0103 o contribu\u021bie important\u0103 la politicile UE \u00een domeniul social, al ocup\u0103rii for\u021bei de munc\u0103, al educa\u021biei \u0219i al competen\u021belor, inclusiv \u00een ceea ce prive\u0219te reformele structurale relevante. Acest fond va fi, de asemenea, una din pietrele de temelie ale redres\u0103rii socioeconomice a UE \u00een urma pandemiei de COVID-19. Pandemia a anulat progresele realizate \u00een materie de participare la pia\u021ba for\u021bei de munc\u0103, a pus sub presiune sistemele educa\u021bionale \u0219i de s\u0103n\u0103tate \u0219i a accentuat inegalit\u0103\u021bile. FSE+ va fi unul din principalele instrumente ale UE care va ajuta statele membre s\u0103 dep\u0103\u0219easc\u0103 aceste probleme. \u00cen cadrul politicii de coeziune, FSE+ \u00ee\u0219i va continua, de asemenea, misiunea de a sprijini coeziunea economic\u0103, teritorial\u0103 \u0219i social\u0103 \u00een UE, reduc\u00e2nd disparit\u0103\u021bile dintre statele membre \u0219i regiuni. FSE+: o combina\u021bie de patru fonduri FSE+ reune\u0219te patru instrumente de finan\u021bare care erau separate \u00een perioada de programare 2014-2020: Fondul social european (FSE), Fondul de ajutor european destinat celor mai defavorizate persoane (FEAD), Ini\u021biativa privind ocuparea for\u021bei de munc\u0103 \u00een r\u00e2ndul tinerilor \u0219i Programul european pentru ocuparea for\u021bei de munc\u0103 \u0219i inovare social\u0103 (EaSI). Cum va func\u021biona? Sprijinul acordat \u00een cadrul FSE+ este gestionat \u00een principal de statele membre, Comisia juc\u00e2nd un rol de supraveghere. Prin urmare, finan\u021barea se realizeaz\u0103 prin: componenta de gestiune partajat\u0103, implementat\u0103 de statele membre \u00een parteneriat cu Comisia. Pentru aceste resurse este alocat un buget de 142 de miliarde EUR pentru perioada de programare 2021-2027 (din care 95,1 miliarde EUR din bugetul UE).componenta \u201eOcuparea for\u021bei de munc\u0103 \u0219i inovare social\u0103\u201d (EaSI), implementat\u0103 direct de Comisie, cu un buget de aproape 762 de milioane EUR pentru perioada 2021-2027. Aplicarea principiilor Pilonului european al drepturilor sociale Cele 20 de principii ale Pilonului european al drepturilor sociale constituie cadrul de orientare pentru construirea unei Europe sociale puternice, echitabile, incluzive \u0219i plin\u0103 de oportunit\u0103\u021bi. Acestea sunt legate \u00een mod clar de FSE+ prin intermediul principalelor sale obiective. Fi\u0219\u0103 informativ\u0103 privind FSE+<\/p>\n","protected":false},"author":1,"featured_media":0,"parent":0,"menu_order":0,"comment_status":"closed","ping_status":"closed","template":"","meta":{"footnotes":""},"class_list":["post-953","page","type-page","status-publish","hentry"],"_links":{"self":[{"href":"https:\/\/tara-zarandului.ro\/index.php?rest_route=\/wp\/v2\/pages\/953","targetHints":{"allow":["GET"]}}],"collection":[{"href":"https:\/\/tara-zarandului.ro\/index.php?rest_route=\/wp\/v2\/pages"}],"about":[{"href":"https:\/\/tara-zarandului.ro\/index.php?rest_route=\/wp\/v2\/types\/page"}],"author":[{"embeddable":true,"href":"https:\/\/tara-zarandului.ro\/index.php?rest_route=\/wp\/v2\/users\/1"}],"replies":[{"embeddable":true,"href":"https:\/\/tara-zarandului.ro\/index.php?rest_route=%2Fwp%2Fv2%2Fcomments&post=953"}],"version-history":[{"count":13,"href":"https:\/\/tara-zarandului.ro\/index.php?rest_route=\/wp\/v2\/pages\/953\/revisions"}],"predecessor-version":[{"id":1121,"href":"https:\/\/tara-zarandului.ro\/index.php?rest_route=\/wp\/v2\/pages\/953\/revisions\/1121"}],"wp:attachment":[{"href":"https:\/\/tara-zarandului.ro\/index.php?rest_route=%2Fwp%2Fv2%2Fmedia&parent=953"}],"curies":[{"name":"wp","href":"https:\/\/api.w.org\/{rel}","templated":true}]}}